{"id":52,"date":"2018-03-14T22:20:30","date_gmt":"2018-03-14T21:20:30","guid":{"rendered":"http:\/\/artnuts.berlin\/?page_id=52"},"modified":"2024-05-13T09:01:13","modified_gmt":"2024-05-13T07:01:13","slug":"about","status":"publish","type":"page","link":"https:\/\/artnuts.berlin\/?page_id=52","title":{"rendered":"About"},"content":{"rendered":"<p>Some people take business very seriously. Don\u00b4t worry, we don\u00b4t. In fact, we laugh out loud every time we draw a new drawing, send a nice painted letter to our postman or when we are washing piles of painting palettes. It is just not easy to be serious when you are art nuts.<br \/>\nArtnuts are about having fun, paint it and brush it, look into it and out through it, watering, coloring, getting dirty, washing up. We are about beautiful colours and contrasts. Blue like deep sea, sunny yellow like a flower, both of them in moist soft green grass&#8230; We are about checking out the great masters and see what they can teach us. And we really might as well learn something.<br \/>\nBut we will definitely and in first place have lots of good time!!\u00a0<span class=\"_5mfr _47e3\"><img loading=\"lazy\" decoding=\"async\" class=\"img\" role=\"presentation\" src=\"https:\/\/static.xx.fbcdn.net\/images\/emoji.php\/v9\/f6c\/1\/16\/2764.png\" alt=\"\" width=\"16\" height=\"16\" \/><\/span><\/p>\n<p><span style=\"color: #222222;\"><img loading=\"lazy\" decoding=\"async\" class=\"wp-image-596 size-thumbnail alignleft\" src=\"https:\/\/artnuts.berlin\/wp-content\/uploads\/2018\/03\/113-150x150.jpg\" alt=\"\" width=\"150\" height=\"150\" srcset=\"https:\/\/artnuts.berlin\/wp-content\/uploads\/2018\/03\/113-150x150.jpg 150w, https:\/\/artnuts.berlin\/wp-content\/uploads\/2018\/03\/113-320x321.jpg 320w\" sizes=\"auto, (max-width: 150px) 100vw, 150px\" \/><\/span><\/p>\n<div>\n<p><strong>Who is\u00a0<\/strong><strong>Artnuts<\/strong><strong>?<br \/>\n<\/strong>It\u2019s your arty kids and me, doing fun creative work!<br \/>\nMy name is\u00a0<span data-g-spell-status=\"2\" aria-haspopup=\"true\">Mojca<\/span>\u00a0Doria\u00a0<span data-g-spell-status=\"2\" aria-haspopup=\"true\">Milek<\/span>\u00a0and I am an art teacher\u00a0with 15 years of experience teaching art to children.\u00a0I teach art at primary school a<span data-g-spell-status=\"2\" aria-haspopup=\"true\">nd<\/span>, to meet increasing demand, opened my own art studio for kids on\u00a0<span data-g-spell-status=\"2\" aria-haspopup=\"true\">Helmholtzplatz<\/span>, right opposite the playground, next to a good Eisdiele and between a lovely coffee shop and a tempting toy store Ratzekatz. I have a passion for beautiful illustrated children books and comics\u00a0and always bring my current favorites to the\u00a0studio to share with the kids. I am also a mother of two girls.<br \/>\n<strong>What happens during a workshop?<br \/>\n<\/strong>The classes, especially Minis and Midis, are focused on developing fine motor skills using 2D and 3D artistic activities like cutting, beading, yarn-wrapping, string-tying, assembling small pieces or decorating small objects. During workshops children are triggered to experiment with many different materials and techniques such as ink painting, assemblage, collage, printing, plaster sculpturing, clay, water colours. We also use A LOT of trash. I am a big trash collector. Ask my family.<br \/>\nWe regularly study the lives and works of renowned artists. Children are introduced to artists such as Jean\u00a0<span data-g-spell-status=\"2\" aria-haspopup=\"true\">Dubuffet<\/span>,\u00a0<span data-g-spell-status=\"2\" aria-haspopup=\"true\">Yayoi<\/span>\u00a0<span data-g-spell-status=\"2\" aria-haspopup=\"true\">Kusama<\/span>, Louise Bourgeois. We observe their work, start a\u00a0<span data-g-spell-status=\"2\" aria-haspopup=\"true\">dialogue<\/span>\u00a0and create pieces based upon kids&#8217; impressions of these artists\u2019 works.<br \/>\nThe workshops are in English and German, a bit of both and a lot of unverbal creativity. I lived in Germany for 12 years, my German is not perfect but most of the days I get by well.<br \/>\n<strong>What will your child learn?<br \/>\n<\/strong>Throughout our work children learn to express themselves creatively, find their own voice and learn to appreciate all types of beauty.<br \/>\nWe work in small groups where children learn to respect each other and each others&#8217; space, to understand various points of view and also to prepare and clean up their working space. Children are often asked to leave their work for a minute, walk around and see what others are doing, then come back to their work again, with a little distance this time. I find this important for them to learn to observe, have an opinion and self-evaluate their work. This is how\u00a0they see their \u201cmistakes\u201d and learn that they can fix just about anything.<br \/>\n<strong>Can my child take his\/her art home?<\/strong><br \/>\nYES YES YES! Children love to show their work to their parents,\u00a0they love to share their creations and thus I encourage them to do so.\u00a0I think a\u00a0big general truth is: children are very giving and they love to make things for others. This is how and what they are and I wouldn\u2019t like to have anything to do with taking a part of this away!<br \/>\n<strong>Can kids take a break during the workshop?<br \/>\n<\/strong>We always make a break during the 2-hours workshops so kids can have a snack and a drink (I ask you to provide your kids with it). There is no break during Mini workshops.<br \/>\n<strong>What is the dress code? Can children change at the studio?<br \/>\n<\/strong>Kids can dress any clothes as long as you and they don\u2019t mind getting irreparably dirty &#8211; and they will get dirty. There are aprons at the studio but experience shows that children are not keen on changing so whatever they wear when coming at the studio is most likely what they\u2019ll wear when they do their art. With this in mind, please discuss the issue with your child and make a wise clothing decision before coming.<br \/>\n<strong>What happens if my child misses a class?<\/strong><strong><br \/>\n<\/strong>I \u00a0always offer replacement sessions if for any reason I am not able to give a class.\u00a0 However I do my best to find a replacement spot also for\u00a0sessions that children miss because they have other obligations, but still this depends on availability and therefore can not be\u00a0guaranteed. In this case the class is considered forfeited.\u00a0Classes\u00a0missed cannot be\u00a0replaced by a class during the next semester.<br \/>\n<strong>Do I use dangerous chemicals?<\/strong><br \/>\nFor Midi and Maxi classes I use acrylics in combination with other colours.\u00a0Those are\u00a0considered harmless\u00a0as long as they are not ingested.<br \/>\n<strong>Art supplies<br \/>\n<\/strong>All art supplies are included in the cost of the class and provided for\u00a0as long as not stated differently. Each child gets a sketchbook that stays at the studio.<br \/>\n<strong>What to\u00a0bring\u00a0along to the 2 hour long class<\/strong><br \/>\nBottle of water, snack.<\/p>\n<p><strong><span style=\"font-size: 14.0pt;\">\u00dcBER MICH<\/span><\/strong><\/p>\n<\/div>\n<p>Manche Leute nehmen Besch\u00e4ftigung sehr ernst. Mach dir keine Sorgen, wir nicht. Tats\u00e4chlich lachen wir jedes Mal, wenn wir eine neue Zeichnung zeichnen, einen sch\u00f6nen gemalten Brief an unseren Postboten schicken oder wenn wir Stapel von Malpaletten waschen. Es ist einfach nicht leicht ernst zu sein, wenn man an Kunst verr\u00fcckt ist.<br \/>\nBei Artnuts geht es darum, Spa\u00df zu haben, zu malen und zu pinseln, hinein und hinein zu schauen, zu w\u00e4ssern, zu malen, zu f\u00e4rben, schmutzig zu werden, abzuwaschen. Wir lieben sch\u00f6ne Farben und Kontraste. Blau wie tiefes Meer, sonnig gelb wie die Blume, beide in herrlich weichem, gr\u00fcnem Gras &#8230; Wir sehen uns die gro\u00dfen Meister an und sehen, was sie uns lehren k\u00f6nnen. Und wir k\u00f6nnten wirklich auch etwas lernen.<br \/>\nAber wir werden definitiv und in erster Linie viel Spa\u00df dabei haben !!\u00a0<span class=\"_5mfr _47e3\"><img loading=\"lazy\" decoding=\"async\" class=\"img\" role=\"presentation\" src=\"https:\/\/static.xx.fbcdn.net\/images\/emoji.php\/v9\/f6c\/1\/16\/2764.png\" alt=\"\" width=\"16\" height=\"16\" \/><\/span><\/p>\n<p style=\"font-weight: 400;\"><span style=\"color: #222222;\"><img loading=\"lazy\" decoding=\"async\" class=\"wp-image-596 size-thumbnail alignleft\" src=\"https:\/\/artnuts.berlin\/wp-content\/uploads\/2018\/03\/113-150x150.jpg\" alt=\"\" width=\"150\" height=\"150\" srcset=\"https:\/\/artnuts.berlin\/wp-content\/uploads\/2018\/03\/113-150x150.jpg 150w, https:\/\/artnuts.berlin\/wp-content\/uploads\/2018\/03\/113-320x321.jpg 320w\" sizes=\"auto, (max-width: 150px) 100vw, 150px\" \/><\/span><\/p>\n<p><strong>Wer sind die\u00a0<\/strong><strong>Artnuts<\/strong><strong>?<br \/>\n<\/strong>Es sind Ihre k\u00fcnstlerischen Kinder und ich, wenn wir kreativen Spa\u00df haben.<br \/>\nMein Name ist\u00a0Mojca Milek\u00a0und ich bin Kunstehrerin mit 15-j\u00e4hriger Erfahrung im Kinderunterricht.\u00a0Ich unterrichte Kunst in Berlin Metropolitan School. Aufgrund des steigenden Interesses habe ich ein eigenes Kunstatelier f\u00fcr Kinder auf dem Helmholtzplatz eingerichtet, genau gegen\u00fcber dem fabelhaften Spielplatz und dem tollen Eisladen und Caf\u00e9! Ich bin ganz verr\u00fcckt nach sch\u00f6n illustrierten Kinderb\u00fcchern und Comics\u00a0und bringe zur Klasse immer die, die mich gerade am meisten beeindrucken, damit wir sie uns im Artnuts\u00a0Studio gemeinsam mit den Kindern anschauen. Ich bin auch Mutter von zwei M\u00e4dchen,\u00a0Nana (13) und\u00a0Pina (11).<br \/>\n<strong>Was passiert im Workshop?<br \/>\n<\/strong>Die Workshops fokussieren sich auf die Entfaltung der Feinmotorik durch Kunstaktivit\u00e4ten in 2D und 3D, wie Schneiden, Perlen auff\u00e4deln, Garn aufwickeln, Schn\u00fcre binden, Zusammenf\u00fcgen oder Dekorieren von Kleinteilen, usw. In den Workshops werden die Kinder angeregt, mit vielen verschiedenen Materialien und Kunsttechniken zu experimentieren, wie z.B. der Tuschmalerei, Assemblage, Collage, Druck, Gips, Ton, Wasserfarben. Wir verwenden auch SEHR VIEL vom so genannten \u201eM\u00fcll\u201c. Ich bin wirklich eine gro\u00dfe M\u00fcllsammlerin. Sie k\u00f6nnen meine Familie fragen!<br \/>\nWir lernen im Kurs auch oft was \u00fcber das Leben und Werk von ber\u00fchmten K\u00fcnstlern. Den Kindern werden K\u00fcnstler wie z. B. Jean\u00a0Dubuffet,\u00a0Yayoi\u00a0Kusama, Louise Bourgeois vorgestellt. Wir sehen uns ihre Werke an, sprechen \u00fcber sie und machen uns dann dran, mit dieser Inspiration eigene Werke zu kreieren.<br \/>\nDie Workshops verlaufen in Englisch und Deutsch, ein bisschen von beidem und mit viel nonverbaler Kreativit\u00e4t. Ich lebe seit 12 Jahren in Deutschland, mein Deutsch ist nicht perfekt, aber in den meisten Tagen komme ich ganz gut mit ihm durch.<br \/>\n<strong>Was werden eure Kinder lernen?<br \/>\n<\/strong>Durch unser Schaffen lernen die Kinder, sich kreativ auszudr\u00fccken, finden ihre eigene Stimme und lernen alle Arten der Sch\u00f6nheit zu sch\u00e4tzen.<br \/>\nWir arbeiten in kleinen Gruppen, in denen die Kinder lernen, einander und den pers\u00f6nlichen Raum zu achten, verschiedene Ansichten zu verstehen, wie auch das Zubereiten und Aufr\u00e4umen ihres Arbeitsplatzes. Die Kinder werden mehrmals gebeten, f\u00fcr eine Minute ihr Werk zu verlassen, um einen Rundgang zu machen und sich anzusehen, was die anderen machen und dann zu ihrem Werk zur\u00fcckzukommen und mit ein bisschen Distanz weiterzumachen. Ich finde, es ist f\u00fcr sie wichtig, dass sie so lernen, zu beobachten, eine eigene Meinung zu entwickeln und ihr Werk selbst einsch\u00e4tzen zu k\u00f6nnen. Auf diese Weise k\u00f6nnen sie auch ihre \u201eFehler\u201c sehen und lernen, dass sie jederzeit noch alles gut machen k\u00f6nnen.<br \/>\n<strong>K\u00f6nnen meine Kinder ihre Kreationen nach Hause nehmen?<\/strong><br \/>\nJA JA JA! Kinder lieben es, ihre Kunstwerke den Eltern zu zeigen,\u00a0sie lieben es, ihre Kreationen zu teilen und wir ermutigen sie auch dazu. Trotz einiger anderer p\u00e4dagogischer Ans\u00e4tze in unserer vielf\u00e4ltig bunten Welt, denke ich, dass es generell stimmt: die Kinder wollen viel geben und sie lieben es, f\u00fcr andere etwas zu erschaffen! So sind sie und das sind sie und nat\u00fcrlich w\u00fcrde ich ihnen nicht gerne was wegnehmen!<br \/>\n<strong>K\u00f6nnen sich die Kinder auch eine Pause w\u00e4hrend des Workshops nehmen?<br \/>\n<\/strong>W\u00e4hrend des 2-st\u00fcndigen Workshops machen wir immer eine Pause, um etwas zu essen und zu trinken (bitte den Kindern eine Mahlzeit und eine Trinkflasche mitgeben). In den Mini-Workshops gibt es keine Pause.<br \/>\n<strong>Was ist der Dress Code? Sollten sich die Kinder in Werkstatt umziehen?<br \/>\n<\/strong>Die Kinder sollten solche Kleider tragen, bei denen es ihnen egal ist, falls sie sich f\u00fcr immer beschmutzen \u2013 und sie werden sich beschmutzen. Im Studio gibt es zwar Sch\u00fcrzen, aber aus Erfahrung kann ich sagen, dass die meisten Kinder sie sich nicht umbinden wollen, also fast sicher werden sie beim Kurs die Kleidung tragen, in der sie gekommen sind. In Anbetracht dessen sollten Sie bitte mit ihrem Kind die Kleiderwahl besprechen und etwas aussuchen, bei dem kein Schaden aufkommt.<br \/>\n<strong>Was passiert, wenn mein Kind bei der Klasse fehlt?<\/strong><strong><br \/>\n<\/strong>Ich biete immer Ersatzstunden an, wenn ich aus irgendeinem Grund keine Klasse geben kann.<br \/>\nIch tue auch mein Bestes, um einen Ersatz f\u00fcr die Stunden zu finden, bei denen das Kind fehlen musste, aber das h\u00e4ngt von der Verf\u00fcgbarkeit ab und ist nur im selben Semester m\u00f6glich, deshalb kann das nicht immer garantiert werden. Vers\u00e4umte Klassen k\u00f6nnen nicht im n\u00e4chsten Semester nachgeholt werden.<br \/>\n<strong>Verwenden wir gef\u00e4hrliche Chemikalien?<\/strong><br \/>\nBei Midi und Maxi Klassen verwenden wir Acrylfarben in Kombination mit anderen Farben.\u00a0Sie gelten als harmlos, solange sie nicht gesessen oder getrunken werden.<br \/>\n<strong>Kunstmaterial<\/strong><br \/>\nDas ganze Kunstmaterial ist, soweit nicht anders angegeben, in den Kosten der Klasse inbegriffen. Jedes Kind erh\u00e4lt ein Skizzenbuch, das im Studio bleibt. Manchmal gebe ich den Kindern die Aufgabe etwas Spa\u00dfiges zu Hause zu schaffen und sie k\u00f6nnen ihr Skizzenbuch mitnehmen, aber es sollte dann ins Studio gebracht werden, weil wir es regelm\u00e4\u00dfig benutzen.<br \/>\n<strong>Was sollte man zum 2-Stunden Kurs mitbringen?<\/strong><br \/>\nTrinkflasche mit Wasser, Mahlzeit.<\/p>\n<p><strong>\u00a0<\/strong><\/p>\n","protected":false},"excerpt":{"rendered":"<p>Some people take business very seriously. Don\u00b4t worry, we don\u00b4t. In fact, we laugh out loud every time we draw a new drawing, send a nice painted letter to our postman or when we are washing piles of painting palettes. It is just not easy to be serious when you are art nuts. Artnuts are&#8230;<\/p>\n<p><a class=\"more-link\" href=\"https:\/\/artnuts.berlin\/?page_id=52\">Read More<\/a><\/p>\n","protected":false},"author":1,"featured_media":0,"parent":0,"menu_order":0,"comment_status":"closed","ping_status":"closed","template":"","meta":{"_genesis_hide_title":false,"_genesis_hide_breadcrumbs":false,"_genesis_hide_singular_image":false,"_genesis_hide_footer_widgets":false,"_genesis_custom_body_class":"","_genesis_custom_post_class":"","_genesis_layout":"","footnotes":""},"class_list":{"0":"post-52","1":"page","2":"type-page","3":"status-publish","5":"entry"},"_links":{"self":[{"href":"https:\/\/artnuts.berlin\/index.php?rest_route=\/wp\/v2\/pages\/52","targetHints":{"allow":["GET"]}}],"collection":[{"href":"https:\/\/artnuts.berlin\/index.php?rest_route=\/wp\/v2\/pages"}],"about":[{"href":"https:\/\/artnuts.berlin\/index.php?rest_route=\/wp\/v2\/types\/page"}],"author":[{"embeddable":true,"href":"https:\/\/artnuts.berlin\/index.php?rest_route=\/wp\/v2\/users\/1"}],"replies":[{"embeddable":true,"href":"https:\/\/artnuts.berlin\/index.php?rest_route=%2Fwp%2Fv2%2Fcomments&post=52"}],"version-history":[{"count":97,"href":"https:\/\/artnuts.berlin\/index.php?rest_route=\/wp\/v2\/pages\/52\/revisions"}],"predecessor-version":[{"id":4254,"href":"https:\/\/artnuts.berlin\/index.php?rest_route=\/wp\/v2\/pages\/52\/revisions\/4254"}],"wp:attachment":[{"href":"https:\/\/artnuts.berlin\/index.php?rest_route=%2Fwp%2Fv2%2Fmedia&parent=52"}],"curies":[{"name":"wp","href":"https:\/\/api.w.org\/{rel}","templated":true}]}}